{"id":29,"date":"2025-04-04T13:56:18","date_gmt":"2025-04-04T13:56:18","guid":{"rendered":"https:\/\/puertobajo.rkinformatika.online\/?page_id=29"},"modified":"2025-04-07T14:45:40","modified_gmt":"2025-04-07T14:45:40","slug":"inicio","status":"publish","type":"page","link":"https:\/\/puertobajo.es\/en\/","title":{"rendered":"Home"},"content":{"rendered":"<div data-elementor-type=\"wp-post\" data-elementor-id=\"29\" class=\"elementor elementor-29\" data-elementor-post-type=\"page\">\n\t\t\t\t<div class=\"elementor-element elementor-element-f800c1a e-con-full e-flex e-con e-parent\" data-id=\"f800c1a\" data-element_type=\"container\" data-e-type=\"container\" data-settings=\"{&quot;background_background&quot;:&quot;classic&quot;}\">\n\t\t\t\t<div class=\"elementor-element elementor-element-87b8cdd elementor-widget__width-initial elementor-invisible elementor-widget elementor-widget-heading\" data-id=\"87b8cdd\" data-element_type=\"widget\" data-e-type=\"widget\" data-settings=\"{&quot;_animation&quot;:&quot;fadeInDown&quot;,&quot;_animation_delay&quot;:200}\" data-widget_type=\"heading.default\">\n\t\t\t\t<div class=\"elementor-widget-container\">\n\t\t\t\t\t<h2 class=\"elementor-heading-title elementor-size-default\">Puerto Bajo: Tradition and style with an Andalusian soul. Dress with history, shine with passion.<\/h2>\t\t\t\t<\/div>\n\t\t\t\t<\/div>\n\t\t\t\t<\/div>\n\t\t<div class=\"elementor-element elementor-element-0f0dfce e-flex e-con-boxed e-con e-parent\" data-id=\"0f0dfce\" data-element_type=\"container\" data-e-type=\"container\">\n\t\t\t\t\t<div class=\"e-con-inner\">\n\t\t<div class=\"elementor-element elementor-element-64fb8d2 e-con-full e-flex e-con e-child\" data-id=\"64fb8d2\" data-element_type=\"container\" data-e-type=\"container\">\n\t\t\t\t<div class=\"elementor-element elementor-element-b62bfe2 elementor-invisible elementor-widget elementor-widget-heading\" data-id=\"b62bfe2\" data-element_type=\"widget\" data-e-type=\"widget\" data-settings=\"{&quot;_animation&quot;:&quot;fadeIn&quot;,&quot;_animation_delay&quot;:100}\" data-widget_type=\"heading.default\">\n\t\t\t\t<div class=\"elementor-widget-container\">\n\t\t\t\t\t<h2 class=\"elementor-heading-title elementor-size-default\">About us<\/h2>\t\t\t\t<\/div>\n\t\t\t\t<\/div>\n\t\t\t\t<div class=\"elementor-element elementor-element-b959965 elementor-widget elementor-widget-text-editor\" data-id=\"b959965\" data-element_type=\"widget\" data-e-type=\"widget\" data-widget_type=\"text-editor.default\">\n\t\t\t\t<div class=\"elementor-widget-container\">\n\t\t\t\t\t\t\t\t\t<p class=\"\" data-start=\"196\" data-end=\"481\">Puerto Bajo was born from the soul of a family farm on the banks of the Guadalquivir River, in Lora del R\u00edo (Seville). Inspired by our roots and by generations of dedicated and dedicated people, we chose a name steeped in history, one that connects us to our origins: <em data-start=\"467\" data-end=\"480\">Puerto Bajo<\/em>.<\/p><p class=\"\" data-start=\"483\" data-end=\"696\">What began as a farming tradition in 1918 has now transformed into a fashion brand with its own identity. In 2018, we took the step of bringing that essence to our first garments, and the response was incredible.<\/p>\t\t\t\t\t\t\t\t<\/div>\n\t\t\t\t<\/div>\n\t\t\t\t<\/div>\n\t\t<div class=\"elementor-element elementor-element-c30cc15 e-con-full e-flex e-con e-child\" data-id=\"c30cc15\" data-element_type=\"container\" data-e-type=\"container\">\n\t\t\t\t<div class=\"elementor-element elementor-element-e8408a6 elementor-invisible elementor-widget elementor-widget-image\" data-id=\"e8408a6\" data-element_type=\"widget\" data-e-type=\"widget\" data-settings=\"{&quot;_animation&quot;:&quot;fadeIn&quot;,&quot;_animation_delay&quot;:350}\" data-widget_type=\"image.default\">\n\t\t\t\t<div class=\"elementor-widget-container\">\n\t\t\t\t\t\t\t\t\t\t\t\t\t\t\t<img decoding=\"async\" src=\"https:\/\/puertobajo.es\/wp-content\/uploads\/elementor\/thumbs\/164691199_5176051032467142_4632831435088645077_n-r3v91w2gplcn1j6pmskey1ioo42ozsctwdbqvnvhea.jpg\" title=\"164691199_5176051032467142_4632831435088645077_n\" alt=\"164691199_5176051032467142_4632831435088645077_n\" loading=\"lazy\" \/>\t\t\t\t\t\t\t\t\t\t\t\t\t\t\t<\/div>\n\t\t\t\t<\/div>\n\t\t\t\t<\/div>\n\t\t\t\t\t<\/div>\n\t\t\t\t<\/div>\n\t\t<div class=\"elementor-element elementor-element-1179a18 e-flex e-con-boxed e-con e-parent\" data-id=\"1179a18\" data-element_type=\"container\" data-e-type=\"container\">\n\t\t\t\t\t<div class=\"e-con-inner\">\n\t\t<div class=\"elementor-element elementor-element-e593045 e-con-full e-flex e-con e-child\" data-id=\"e593045\" data-element_type=\"container\" data-e-type=\"container\">\n\t\t\t\t<div class=\"elementor-element elementor-element-1b17130 elementor-invisible elementor-widget elementor-widget-heading\" data-id=\"1b17130\" data-element_type=\"widget\" data-e-type=\"widget\" data-settings=\"{&quot;_animation&quot;:&quot;fadeIn&quot;,&quot;_animation_delay&quot;:100}\" data-widget_type=\"heading.default\">\n\t\t\t\t<div class=\"elementor-widget-container\">\n\t\t\t\t\t<h2 class=\"elementor-heading-title elementor-size-default\">Design with soul, garments with history<\/h2>\t\t\t\t<\/div>\n\t\t\t\t<\/div>\n\t\t\t\t<div class=\"elementor-element elementor-element-4830cd3 elementor-widget elementor-widget-text-editor\" data-id=\"4830cd3\" data-element_type=\"widget\" data-e-type=\"widget\" data-widget_type=\"text-editor.default\">\n\t\t\t\t<div class=\"elementor-widget-container\">\n\t\t\t\t\t\t\t\t\t<p>At Puerto Bajo, every detail matters. Our collections are designed for those who value quality, timeless style, and a love for homemade products.<br \/>Descubre nuestras sudaderas, camisas, camisetas y complementos \u00fanicos, dise\u00f1ados con esencia andaluza y fabricados en Espa\u00f1a.<\/p>\t\t\t\t\t\t\t\t<\/div>\n\t\t\t\t<\/div>\n\t\t\t\t<div class=\"elementor-element elementor-element-4e6c9f9 elementor-widget elementor-widget-button\" data-id=\"4e6c9f9\" data-element_type=\"widget\" data-e-type=\"widget\" data-widget_type=\"button.default\">\n\t\t\t\t<div class=\"elementor-widget-container\">\n\t\t\t\t\t\t\t\t\t<div class=\"elementor-button-wrapper\">\n\t\t\t\t\t<a class=\"elementor-button elementor-button-link elementor-size-md\" href=\"#\">\n\t\t\t\t\t\t<span class=\"elementor-button-content-wrapper\">\n\t\t\t\t\t\t<span class=\"elementor-button-icon\">\n\t\t\t\t<svg aria-hidden=\"true\" class=\"e-font-icon-svg e-fas-long-arrow-alt-right\" viewbox=\"0 0 448 512\" xmlns=\"http:\/\/www.w3.org\/2000\/svg\"><path d=\"M313.941 216H12c-6.627 0-12 5.373-12 12v56c0 6.627 5.373 12 12 12h301.941v46.059c0 21.382 25.851 32.09 40.971 16.971l86.059-86.059c9.373-9.373 9.373-24.569 0-33.941l-86.059-86.059c-15.119-15.119-40.971-4.411-40.971 16.971V216z\"><\/path><\/svg>\t\t\t<\/span>\n\t\t\t\t\t\t\t\t\t<span class=\"elementor-button-text\">Products<\/span>\n\t\t\t\t\t<\/span>\n\t\t\t\t\t<\/a>\n\t\t\t\t<\/div>\n\t\t\t\t\t\t\t\t<\/div>\n\t\t\t\t<\/div>\n\t\t\t\t<\/div>\n\t\t<div class=\"elementor-element elementor-element-69903f3 e-con-full e-flex e-con e-child\" data-id=\"69903f3\" data-element_type=\"container\" data-e-type=\"container\">\n\t\t\t\t<div class=\"elementor-element elementor-element-00b6377 elementor-invisible elementor-widget elementor-widget-image\" data-id=\"00b6377\" data-element_type=\"widget\" data-e-type=\"widget\" data-settings=\"{&quot;_animation&quot;:&quot;fadeIn&quot;,&quot;_animation_delay&quot;:50}\" data-widget_type=\"image.default\">\n\t\t\t\t<div class=\"elementor-widget-container\">\n\t\t\t\t\t\t\t\t\t\t\t\t\t\t\t\t<a href=\"https:\/\/puertobajo.es\/wp-content\/uploads\/2025\/04\/117817719_4173952146010374_5244132242871547336_n-3.jpg\" data-elementor-open-lightbox=\"yes\" data-elementor-lightbox-title=\"117817719_4173952146010374_5244132242871547336_n\" data-e-action-hash=\"#elementor-action%3Aaction%3Dlightbox%26settings%3DeyJpZCI6MTM1LCJ1cmwiOiJodHRwczpcL1wvcHVlcnRvYmFqby5lc1wvd3AtY29udGVudFwvdXBsb2Fkc1wvMjAyNVwvMDRcLzExNzgxNzcxOV80MTczOTUyMTQ2MDEwMzc0XzUyNDQxMzIyNDI4NzE1NDczMzZfbi0zLmpwZyJ9\">\n\t\t\t\t\t\t\t<img decoding=\"async\" src=\"https:\/\/puertobajo.es\/wp-content\/uploads\/elementor\/thumbs\/117817719_4173952146010374_5244132242871547336_n-3-r3vaafmzpj8rkcvdh87llp6k5zqu91sbu94de06s30.jpg\" title=\"117817719_4173952146010374_5244132242871547336_n\" alt=\"117817719_4173952146010374_5244132242871547336_n\" loading=\"lazy\" \/>\t\t\t\t\t\t\t\t<\/a>\n\t\t\t\t\t\t\t\t\t\t\t\t\t\t\t<\/div>\n\t\t\t\t<\/div>\n\t\t\t\t<\/div>\n\t\t\t\t\t<\/div>\n\t\t\t\t<\/div>\n\t\t<div class=\"elementor-element elementor-element-46747b1 e-flex e-con-boxed elementor-invisible e-con e-parent\" data-id=\"46747b1\" data-element_type=\"container\" data-e-type=\"container\" data-settings=\"{&quot;background_background&quot;:&quot;classic&quot;,&quot;animation&quot;:&quot;fadeIn&quot;}\">\n\t\t\t\t\t<div class=\"e-con-inner\">\n\t\t<div class=\"elementor-element elementor-element-3b5c288 e-con-full e-flex e-con e-child\" data-id=\"3b5c288\" data-element_type=\"container\" data-e-type=\"container\" data-settings=\"{&quot;background_background&quot;:&quot;classic&quot;}\">\n\t\t\t\t<div class=\"elementor-element elementor-element-cf7c036 elementor-widget elementor-widget-heading\" data-id=\"cf7c036\" data-element_type=\"widget\" data-e-type=\"widget\" data-widget_type=\"heading.default\">\n\t\t\t\t<div class=\"elementor-widget-container\">\n\t\t\t\t\t<h3 class=\"elementor-heading-title elementor-size-default\">Why choose us?<\/h3>\t\t\t\t<\/div>\n\t\t\t\t<\/div>\n\t\t\t\t<div class=\"elementor-element elementor-element-09e425f elementor-widget elementor-widget-text-editor\" data-id=\"09e425f\" data-element_type=\"widget\" data-e-type=\"widget\" data-widget_type=\"text-editor.default\">\n\t\t\t\t<div class=\"elementor-widget-container\">\n\t\t\t\t\t\t\t\t\t<p class=\"\" data-start=\"197\" data-end=\"625\">Choosing Puerto Bajo means choosing authenticity, craftsmanship, and garments with a history. We move away from fast fashion to offer you a unique experience: products designed and manufactured entirely in Spain, with care, dedication, and respect for every detail. We work with high-quality materials, carefully selected to create timeless collections that combine elegance, simplicity, and soul.<\/p>\t\t\t\t\t\t\t\t<\/div>\n\t\t\t\t<\/div>\n\t\t\t\t<\/div>\n\t\t\t\t\t<\/div>\n\t\t\t\t<\/div>\n\t\t\t\t<\/div>","protected":false},"excerpt":{"rendered":"<p>Puerto Bajo: Tradici\u00f3n y estilo con alma andaluza. Viste con historia, luce con pasi\u00f3n. Sobre Nosotros Puerto Bajo nace del alma de un cortijo familiar a orillas del Guadalquivir, en Lora del R\u00edo (Sevilla). Inspirados por nuestras ra\u00edces y por generaciones que vivieron con dedicaci\u00f3n y esfuerzo, elegimos un nombre con historia, uno que nos [&hellip;]<\/p>\n","protected":false},"author":1,"featured_media":0,"parent":0,"menu_order":0,"comment_status":"closed","ping_status":"closed","template":"elementor_canvas","meta":{"footnotes":""},"class_list":["post-29","page","type-page","status-publish","hentry"],"yoast_head":"<!-- This site is optimized with the Yoast SEO plugin v27.3 - https:\/\/yoast.com\/product\/yoast-seo-wordpress\/ -->\n<title>Inicio - Puerto Bajo<\/title>\n<meta name=\"robots\" content=\"index, follow, max-snippet:-1, max-image-preview:large, max-video-preview:-1\" \/>\n<link rel=\"canonical\" href=\"https:\/\/puertobajo.es\/en\/\" \/>\n<meta property=\"og:locale\" content=\"en_US\" \/>\n<meta property=\"og:type\" content=\"article\" \/>\n<meta property=\"og:title\" content=\"Inicio - Puerto Bajo\" \/>\n<meta property=\"og:description\" content=\"Puerto Bajo: Tradici\u00f3n y estilo con alma andaluza. Viste con historia, luce con pasi\u00f3n. Sobre Nosotros Puerto Bajo nace del alma de un cortijo familiar a orillas del Guadalquivir, en Lora del R\u00edo (Sevilla). Inspirados por nuestras ra\u00edces y por generaciones que vivieron con dedicaci\u00f3n y esfuerzo, elegimos un nombre con historia, uno que nos [&hellip;]\" \/>\n<meta property=\"og:url\" content=\"https:\/\/puertobajo.es\/en\/\" \/>\n<meta property=\"og:site_name\" content=\"Puerto Bajo\" \/>\n<meta property=\"article:modified_time\" content=\"2025-04-07T14:45:40+00:00\" \/>\n<meta property=\"og:image\" content=\"https:\/\/puertobajo.es\/wp-content\/uploads\/elementor\/thumbs\/164691199_5176051032467142_4632831435088645077_n-r3v91w2gplcn1j6pmskey1ioo42ozsctwdbqscsseq.jpg\" \/>\n<meta name=\"twitter:card\" content=\"summary_large_image\" \/>\n<meta name=\"twitter:label1\" content=\"Est. reading time\" \/>\n\t<meta name=\"twitter:data1\" content=\"2 minutes\" \/>\n<script type=\"application\/ld+json\" class=\"yoast-schema-graph\">{\"@context\":\"https:\\\/\\\/schema.org\",\"@graph\":[{\"@type\":\"WebPage\",\"@id\":\"https:\\\/\\\/puertobajo.es\\\/\",\"url\":\"https:\\\/\\\/puertobajo.es\\\/\",\"name\":\"Inicio - Puerto Bajo\",\"isPartOf\":{\"@id\":\"https:\\\/\\\/puertobajo.es\\\/#website\"},\"primaryImageOfPage\":{\"@id\":\"https:\\\/\\\/puertobajo.es\\\/#primaryimage\"},\"image\":{\"@id\":\"https:\\\/\\\/puertobajo.es\\\/#primaryimage\"},\"thumbnailUrl\":\"https:\\\/\\\/puertobajo.es\\\/wp-content\\\/uploads\\\/elementor\\\/thumbs\\\/164691199_5176051032467142_4632831435088645077_n-r3v91w2gplcn1j6pmskey1ioo42ozsctwdbqscsseq.jpg\",\"datePublished\":\"2025-04-04T13:56:18+00:00\",\"dateModified\":\"2025-04-07T14:45:40+00:00\",\"breadcrumb\":{\"@id\":\"https:\\\/\\\/puertobajo.es\\\/#breadcrumb\"},\"inLanguage\":\"en-US\",\"potentialAction\":[{\"@type\":\"ReadAction\",\"target\":[\"https:\\\/\\\/puertobajo.es\\\/\"]}]},{\"@type\":\"ImageObject\",\"inLanguage\":\"en-US\",\"@id\":\"https:\\\/\\\/puertobajo.es\\\/#primaryimage\",\"url\":\"https:\\\/\\\/puertobajo.es\\\/wp-content\\\/uploads\\\/elementor\\\/thumbs\\\/164691199_5176051032467142_4632831435088645077_n-r3v91w2gplcn1j6pmskey1ioo42ozsctwdbqscsseq.jpg\",\"contentUrl\":\"https:\\\/\\\/puertobajo.es\\\/wp-content\\\/uploads\\\/elementor\\\/thumbs\\\/164691199_5176051032467142_4632831435088645077_n-r3v91w2gplcn1j6pmskey1ioo42ozsctwdbqscsseq.jpg\"},{\"@type\":\"BreadcrumbList\",\"@id\":\"https:\\\/\\\/puertobajo.es\\\/#breadcrumb\",\"itemListElement\":[{\"@type\":\"ListItem\",\"position\":1,\"name\":\"Portada\",\"item\":\"https:\\\/\\\/puertobajo.es\\\/\"},{\"@type\":\"ListItem\",\"position\":2,\"name\":\"Inicio\"}]},{\"@type\":\"WebSite\",\"@id\":\"https:\\\/\\\/puertobajo.es\\\/#website\",\"url\":\"https:\\\/\\\/puertobajo.es\\\/\",\"name\":\"Puerto Bajo\",\"description\":\"Ropa y accesorios\",\"publisher\":{\"@id\":\"https:\\\/\\\/puertobajo.es\\\/#organization\"},\"potentialAction\":[{\"@type\":\"SearchAction\",\"target\":{\"@type\":\"EntryPoint\",\"urlTemplate\":\"https:\\\/\\\/puertobajo.es\\\/?s={search_term_string}\"},\"query-input\":{\"@type\":\"PropertyValueSpecification\",\"valueRequired\":true,\"valueName\":\"search_term_string\"}}],\"inLanguage\":\"en-US\"},{\"@type\":\"Organization\",\"@id\":\"https:\\\/\\\/puertobajo.es\\\/#organization\",\"name\":\"Puerto Bajo\",\"url\":\"https:\\\/\\\/puertobajo.es\\\/\",\"logo\":{\"@type\":\"ImageObject\",\"inLanguage\":\"en-US\",\"@id\":\"https:\\\/\\\/puertobajo.es\\\/#\\\/schema\\\/logo\\\/image\\\/\",\"url\":\"https:\\\/\\\/puertobajo.es\\\/wp-content\\\/uploads\\\/2025\\\/04\\\/cropped-cropped-logo-Puertobajo-02.png\",\"contentUrl\":\"https:\\\/\\\/puertobajo.es\\\/wp-content\\\/uploads\\\/2025\\\/04\\\/cropped-cropped-logo-Puertobajo-02.png\",\"width\":984,\"height\":540,\"caption\":\"Puerto Bajo\"},\"image\":{\"@id\":\"https:\\\/\\\/puertobajo.es\\\/#\\\/schema\\\/logo\\\/image\\\/\"}}]}<\/script>\n<!-- \/ Yoast SEO plugin. -->","yoast_head_json":{"title":"Inicio - Puerto Bajo","robots":{"index":"index","follow":"follow","max-snippet":"max-snippet:-1","max-image-preview":"max-image-preview:large","max-video-preview":"max-video-preview:-1"},"canonical":"https:\/\/puertobajo.es\/en\/","og_locale":"en_US","og_type":"article","og_title":"Inicio - Puerto Bajo","og_description":"Puerto Bajo: Tradici\u00f3n y estilo con alma andaluza. Viste con historia, luce con pasi\u00f3n. Sobre Nosotros Puerto Bajo nace del alma de un cortijo familiar a orillas del Guadalquivir, en Lora del R\u00edo (Sevilla). Inspirados por nuestras ra\u00edces y por generaciones que vivieron con dedicaci\u00f3n y esfuerzo, elegimos un nombre con historia, uno que nos [&hellip;]","og_url":"https:\/\/puertobajo.es\/en\/","og_site_name":"Puerto Bajo","article_modified_time":"2025-04-07T14:45:40+00:00","og_image":[{"url":"https:\/\/puertobajo.es\/wp-content\/uploads\/elementor\/thumbs\/164691199_5176051032467142_4632831435088645077_n-r3v91w2gplcn1j6pmskey1ioo42ozsctwdbqscsseq.jpg","type":"","width":"","height":""}],"twitter_card":"summary_large_image","twitter_misc":{"Est. reading time":"2 minutes"},"schema":{"@context":"https:\/\/schema.org","@graph":[{"@type":"WebPage","@id":"https:\/\/puertobajo.es\/","url":"https:\/\/puertobajo.es\/","name":"Inicio - Puerto Bajo","isPartOf":{"@id":"https:\/\/puertobajo.es\/#website"},"primaryImageOfPage":{"@id":"https:\/\/puertobajo.es\/#primaryimage"},"image":{"@id":"https:\/\/puertobajo.es\/#primaryimage"},"thumbnailUrl":"https:\/\/puertobajo.es\/wp-content\/uploads\/elementor\/thumbs\/164691199_5176051032467142_4632831435088645077_n-r3v91w2gplcn1j6pmskey1ioo42ozsctwdbqscsseq.jpg","datePublished":"2025-04-04T13:56:18+00:00","dateModified":"2025-04-07T14:45:40+00:00","breadcrumb":{"@id":"https:\/\/puertobajo.es\/#breadcrumb"},"inLanguage":"en-US","potentialAction":[{"@type":"ReadAction","target":["https:\/\/puertobajo.es\/"]}]},{"@type":"ImageObject","inLanguage":"en-US","@id":"https:\/\/puertobajo.es\/#primaryimage","url":"https:\/\/puertobajo.es\/wp-content\/uploads\/elementor\/thumbs\/164691199_5176051032467142_4632831435088645077_n-r3v91w2gplcn1j6pmskey1ioo42ozsctwdbqscsseq.jpg","contentUrl":"https:\/\/puertobajo.es\/wp-content\/uploads\/elementor\/thumbs\/164691199_5176051032467142_4632831435088645077_n-r3v91w2gplcn1j6pmskey1ioo42ozsctwdbqscsseq.jpg"},{"@type":"BreadcrumbList","@id":"https:\/\/puertobajo.es\/#breadcrumb","itemListElement":[{"@type":"ListItem","position":1,"name":"Portada","item":"https:\/\/puertobajo.es\/"},{"@type":"ListItem","position":2,"name":"Inicio"}]},{"@type":"WebSite","@id":"https:\/\/puertobajo.es\/#website","url":"https:\/\/puertobajo.es\/","name":"Puerto Bajo","description":"Ropa y accesorios","publisher":{"@id":"https:\/\/puertobajo.es\/#organization"},"potentialAction":[{"@type":"SearchAction","target":{"@type":"EntryPoint","urlTemplate":"https:\/\/puertobajo.es\/?s={search_term_string}"},"query-input":{"@type":"PropertyValueSpecification","valueRequired":true,"valueName":"search_term_string"}}],"inLanguage":"en-US"},{"@type":"Organization","@id":"https:\/\/puertobajo.es\/#organization","name":"Puerto Bajo","url":"https:\/\/puertobajo.es\/","logo":{"@type":"ImageObject","inLanguage":"en-US","@id":"https:\/\/puertobajo.es\/#\/schema\/logo\/image\/","url":"https:\/\/puertobajo.es\/wp-content\/uploads\/2025\/04\/cropped-cropped-logo-Puertobajo-02.png","contentUrl":"https:\/\/puertobajo.es\/wp-content\/uploads\/2025\/04\/cropped-cropped-logo-Puertobajo-02.png","width":984,"height":540,"caption":"Puerto Bajo"},"image":{"@id":"https:\/\/puertobajo.es\/#\/schema\/logo\/image\/"}}]}},"_links":{"self":[{"href":"https:\/\/puertobajo.es\/en\/wp-json\/wp\/v2\/pages\/29","targetHints":{"allow":["GET"]}}],"collection":[{"href":"https:\/\/puertobajo.es\/en\/wp-json\/wp\/v2\/pages"}],"about":[{"href":"https:\/\/puertobajo.es\/en\/wp-json\/wp\/v2\/types\/page"}],"author":[{"embeddable":true,"href":"https:\/\/puertobajo.es\/en\/wp-json\/wp\/v2\/users\/1"}],"replies":[{"embeddable":true,"href":"https:\/\/puertobajo.es\/en\/wp-json\/wp\/v2\/comments?post=29"}],"version-history":[{"count":140,"href":"https:\/\/puertobajo.es\/en\/wp-json\/wp\/v2\/pages\/29\/revisions"}],"predecessor-version":[{"id":696,"href":"https:\/\/puertobajo.es\/en\/wp-json\/wp\/v2\/pages\/29\/revisions\/696"}],"wp:attachment":[{"href":"https:\/\/puertobajo.es\/en\/wp-json\/wp\/v2\/media?parent=29"}],"curies":[{"name":"wp","href":"https:\/\/api.w.org\/{rel}","templated":true}]}}